{"id":485,"date":"2025-07-17T11:17:23","date_gmt":"2025-07-17T11:17:23","guid":{"rendered":"https:\/\/productionaff.valovit.lt\/?page_id=485"},"modified":"2026-03-17T00:24:01","modified_gmt":"2026-03-16T22:24:01","slug":"privatumo-politika","status":"publish","type":"page","link":"https:\/\/productionaff.valovit.lt\/ro\/privatumo-politika\/","title":{"rendered":"Privatumo politika"},"content":{"rendered":"<div data-elementor-type=\"wp-page\" data-elementor-id=\"485\" class=\"elementor elementor-485\" data-elementor-post-type=\"page\">\n\t\t\t\t<div class=\"elementor-element elementor-element-d1a27c5 e-flex e-con-boxed e-con e-parent\" data-id=\"d1a27c5\" data-element_type=\"container\">\n\t\t\t\t\t<div class=\"e-con-inner\">\n\t\t\t\t<div class=\"elementor-element elementor-element-379f8ed elementor-widget elementor-widget-heading\" data-id=\"379f8ed\" data-element_type=\"widget\" data-widget_type=\"heading.default\">\n\t\t\t\t<div class=\"elementor-widget-container\">\n\t\t\t\t\t<h1 class=\"elementor-heading-title elementor-size-default\">Terms &amp; Conditions \/ privacy &amp; cookies\n<\/h1>\t\t\t\t<\/div>\n\t\t\t\t<\/div>\n\t\t\t\t\t<\/div>\n\t\t\t\t<\/div>\n\t\t<div class=\"elementor-element elementor-element-8ff6b7a e-flex e-con-boxed e-con e-parent\" data-id=\"8ff6b7a\" data-element_type=\"container\">\n\t\t\t\t\t<div class=\"e-con-inner\">\n\t\t\t\t<div class=\"elementor-element elementor-element-7c92c97 elementor-widget elementor-widget-heading\" data-id=\"7c92c97\" data-element_type=\"widget\" data-widget_type=\"heading.default\">\n\t\t\t\t<div class=\"elementor-widget-container\">\n\t\t\t\t\t<h2 class=\"elementor-heading-title elementor-size-default\">Privacy &amp; Cookies Policy\n<\/h2>\t\t\t\t<\/div>\n\t\t\t\t<\/div>\n\t\t\t\t<div class=\"elementor-element elementor-element-8290aae elementor-widget elementor-widget-text-editor\" data-id=\"8290aae\" data-element_type=\"widget\" data-widget_type=\"text-editor.default\">\n\t\t\t\t<div class=\"elementor-widget-container\">\n\t\t\t\t\t\t\t\t\t<p>Affinity Group Limited are committed to ensuring that your privacy is protected. This privacy policy explains how we use the information we collect about you, or that you provide to us, will be processed, how you can instruct us if you prefer to limit the use of that information and the procedures that we have in place to safeguard your privacy. Please read the following carefully to understand our views and practices regarding your personal data and how we will treat it.<\/p><p><a class=\"mwm-aal-item\" name=\"information-we-may-collect-from-you\"><\/a><\/p>\t\t\t\t\t\t\t\t<\/div>\n\t\t\t\t<\/div>\n\t\t\t\t<div class=\"elementor-element elementor-element-ee19744 elementor-widget-divider--view-line elementor-widget elementor-widget-divider\" data-id=\"ee19744\" data-element_type=\"widget\" data-widget_type=\"divider.default\">\n\t\t\t\t<div class=\"elementor-widget-container\">\n\t\t\t\t\t\t\t<div class=\"elementor-divider\">\n\t\t\t<span class=\"elementor-divider-separator\">\n\t\t\t\t\t\t<\/span>\n\t\t<\/div>\n\t\t\t\t\t\t<\/div>\n\t\t\t\t<\/div>\n\t\t\t\t<div class=\"elementor-element elementor-element-cde5fd1 elementor-widget elementor-widget-heading\" data-id=\"cde5fd1\" data-element_type=\"widget\" data-widget_type=\"heading.default\">\n\t\t\t\t<div class=\"elementor-widget-container\">\n\t\t\t\t\t<h2 class=\"elementor-heading-title elementor-size-default\">Information we may collect from you\n<\/h2>\t\t\t\t<\/div>\n\t\t\t\t<\/div>\n\t\t\t\t<div class=\"elementor-element elementor-element-e9e62e1 elementor-widget elementor-widget-text-editor\" data-id=\"e9e62e1\" data-element_type=\"widget\" data-widget_type=\"text-editor.default\">\n\t\t\t\t<div class=\"elementor-widget-container\">\n\t\t\t\t\t\t\t\t\t<p>We may collect and process the following data about you:<\/p><ul><li>Information that you provide by filling in forms on our site. When you send us your details we need to know your name, e-mail address, telephone number, and brief details of the nature of your enquiry.<\/li><li>Details of your visits to our site (including, but not limited to, traffic data, location data, weblogs and other communication data) and the resources that you access.<\/li><\/ul>\t\t\t\t\t\t\t\t<\/div>\n\t\t\t\t<\/div>\n\t\t\t\t<div class=\"elementor-element elementor-element-70debad elementor-widget-divider--view-line elementor-widget elementor-widget-divider\" data-id=\"70debad\" data-element_type=\"widget\" data-widget_type=\"divider.default\">\n\t\t\t\t<div class=\"elementor-widget-container\">\n\t\t\t\t\t\t\t<div class=\"elementor-divider\">\n\t\t\t<span class=\"elementor-divider-separator\">\n\t\t\t\t\t\t<\/span>\n\t\t<\/div>\n\t\t\t\t\t\t<\/div>\n\t\t\t\t<\/div>\n\t\t\t\t<div class=\"elementor-element elementor-element-5041ed7 elementor-widget elementor-widget-heading\" data-id=\"5041ed7\" data-element_type=\"widget\" data-widget_type=\"heading.default\">\n\t\t\t\t<div class=\"elementor-widget-container\">\n\t\t\t\t\t<h2 class=\"elementor-heading-title elementor-size-default\">What are cookies?\n<\/h2>\t\t\t\t<\/div>\n\t\t\t\t<\/div>\n\t\t\t\t<div class=\"elementor-element elementor-element-d1ea5d5 elementor-widget elementor-widget-text-editor\" data-id=\"d1ea5d5\" data-element_type=\"widget\" data-widget_type=\"text-editor.default\">\n\t\t\t\t<div class=\"elementor-widget-container\">\n\t\t\t\t\t\t\t\t\t<p>A cookie is a small piece of data sent from a website and stored in a user\u2019s web browser while they use a website. When the user browses the same website in the future, the data stored in the cookie can be retrieved by the website to notify the website of the user\u2019s previous activity.<br \/>Cookies cannot be programmed or carry viruses, and cannot install malware on the host computer.<\/p>\t\t\t\t\t\t\t\t<\/div>\n\t\t\t\t<\/div>\n\t\t\t\t<div class=\"elementor-element elementor-element-f5f14dc elementor-widget-divider--view-line elementor-widget elementor-widget-divider\" data-id=\"f5f14dc\" data-element_type=\"widget\" data-widget_type=\"divider.default\">\n\t\t\t\t<div class=\"elementor-widget-container\">\n\t\t\t\t\t\t\t<div class=\"elementor-divider\">\n\t\t\t<span class=\"elementor-divider-separator\">\n\t\t\t\t\t\t<\/span>\n\t\t<\/div>\n\t\t\t\t\t\t<\/div>\n\t\t\t\t<\/div>\n\t\t\t\t<div class=\"elementor-element elementor-element-b14752f elementor-widget elementor-widget-heading\" data-id=\"b14752f\" data-element_type=\"widget\" data-widget_type=\"heading.default\">\n\t\t\t\t<div class=\"elementor-widget-container\">\n\t\t\t\t\t<h2 class=\"elementor-heading-title elementor-size-default\">Cookies\/tracking technologies\n<\/h2>\t\t\t\t<\/div>\n\t\t\t\t<\/div>\n\t\t\t\t<div class=\"elementor-element elementor-element-42d0115 elementor-widget elementor-widget-text-editor\" data-id=\"42d0115\" data-element_type=\"widget\" data-widget_type=\"text-editor.default\">\n\t\t\t\t<div class=\"elementor-widget-container\">\n\t\t\t\t\t\t\t\t\t<p>When you visit our Websites we may send a \u2018cookie\u2019 to your computer. Cookies are files that store information on your hard drive or browser. They enable our Websites to identify your computer, and recognise that you have visited before. Cookies themselves do not contain any personal information. However, we may link the information we store in cookies to any personally identifiable information you submit while on our site.<\/p><p>Cookies help us understand which sections of our Websites are the most popular, as they help show which pages are being visited and how long for. This helps Affinity adapt our websites to provide more relevant and accessible information. For example, cookies allow us to ensure that the information displayed on your next visit to our Websites will match up with your user preferences.<\/p><p>You may configure your browser to accept all cookies, reject all cookies, or notify you when a cookie is sent. Please note, however, that disabling cookies might affect your online experience and\/or prevent you from taking full advantage of our site.<\/p><p>From time to time we may also use other technologies to log and collect data in order to analyse traffic to our Websites. These technologies will regularly only allow for an anonymous notice of your visit to be generated. However, in some instances they may allow us to obtain details about your IP address and to track visits to our Websites. In conjunction with cookies, this will enable us to identify what portions of our Websites are of interest to our visitors and to help us provide you with tailored information from our Websites. As stated in this article, you can browse your selection of available deals on smartphones and top brands and explore the service plans that best suit your needs.<\/p>\t\t\t\t\t\t\t\t<\/div>\n\t\t\t\t<\/div>\n\t\t\t\t<div class=\"elementor-element elementor-element-00ed05b elementor-widget-divider--view-line elementor-widget elementor-widget-divider\" data-id=\"00ed05b\" data-element_type=\"widget\" data-widget_type=\"divider.default\">\n\t\t\t\t<div class=\"elementor-widget-container\">\n\t\t\t\t\t\t\t<div class=\"elementor-divider\">\n\t\t\t<span class=\"elementor-divider-separator\">\n\t\t\t\t\t\t<\/span>\n\t\t<\/div>\n\t\t\t\t\t\t<\/div>\n\t\t\t\t<\/div>\n\t\t\t\t<div class=\"elementor-element elementor-element-410149e elementor-widget elementor-widget-heading\" data-id=\"410149e\" data-element_type=\"widget\" data-widget_type=\"heading.default\">\n\t\t\t\t<div class=\"elementor-widget-container\">\n\t\t\t\t\t<h2 class=\"elementor-heading-title elementor-size-default\">How to control and delete cookies\n<\/h2>\t\t\t\t<\/div>\n\t\t\t\t<\/div>\n\t\t\t\t<div class=\"elementor-element elementor-element-6a10ff7 elementor-widget elementor-widget-text-editor\" data-id=\"6a10ff7\" data-element_type=\"widget\" data-widget_type=\"text-editor.default\">\n\t\t\t\t<div class=\"elementor-widget-container\">\n\t\t\t\t\t\t\t\t\t<p>This website uses Google Analytics, a web analytics service provided by Google, Inc. (Google). Google Analytics uses cookies, which are text files placed on your computer, to help the website analyze how users use the site. The information generated by the cookie about your use of the website (including your IP address) will be transmitted to and stored by Google on servers in the United States. Google will use this information for the purpose of evaluating your use of the website, compiling reports on website activity for website operators and providing other services relating to website activity and internet usage. Google may also transfer this information to third parties where required to do so by law, or where such third parties process the information on Google\u2019s behalf. Google will not associate your IP address with any other data held by Google. You may refuse the use of cookies by selecting the appropriate settings on your browser, however please note that if you do this you may not be able to use the full functionality of this website. By using this website, you consent to the processing of data about you by Google in the manner and for the purposes set out above.<\/p><p><a class=\"mwm-aal-item\" name=\"how-we-protect-your-information\"><\/a><\/p>\t\t\t\t\t\t\t\t<\/div>\n\t\t\t\t<\/div>\n\t\t\t\t<div class=\"elementor-element elementor-element-53cdb34 elementor-widget-divider--view-line elementor-widget elementor-widget-divider\" data-id=\"53cdb34\" data-element_type=\"widget\" data-widget_type=\"divider.default\">\n\t\t\t\t<div class=\"elementor-widget-container\">\n\t\t\t\t\t\t\t<div class=\"elementor-divider\">\n\t\t\t<span class=\"elementor-divider-separator\">\n\t\t\t\t\t\t<\/span>\n\t\t<\/div>\n\t\t\t\t\t\t<\/div>\n\t\t\t\t<\/div>\n\t\t\t\t<div class=\"elementor-element elementor-element-e0d719c elementor-widget elementor-widget-heading\" data-id=\"e0d719c\" data-element_type=\"widget\" data-widget_type=\"heading.default\">\n\t\t\t\t<div class=\"elementor-widget-container\">\n\t\t\t\t\t<h2 class=\"elementor-heading-title elementor-size-default\">How we protect your information\n<\/h2>\t\t\t\t<\/div>\n\t\t\t\t<\/div>\n\t\t\t\t<div class=\"elementor-element elementor-element-c2e81e0 elementor-widget elementor-widget-text-editor\" data-id=\"c2e81e0\" data-element_type=\"widget\" data-widget_type=\"text-editor.default\">\n\t\t\t\t<div class=\"elementor-widget-container\">\n\t\t\t\t\t\t\t\t\t<p>Unfortunately, the transmission of information via the internet is not completely secure. Although we will do our best to protect your personal data, we cannot guarantee the security of your data transmitted to our site; any transmission is at your own risk. Once we have received your information, we will use strict procedures and security features to try to prevent unauthorised access. Our computer systems are restricted to authorised users by our Firewall and by the use of passwords both on our computer system and database. We also keep your information confidential. Affinity does not disclose this information to third parties, except if we are required to do so by law (in conjunction with an enquiry made by a governmental or regulatory authority, or court order).<\/p><p><a class=\"mwm-aal-item\" name=\"changes-to-our-privacy-policy\"><\/a><\/p>\t\t\t\t\t\t\t\t<\/div>\n\t\t\t\t<\/div>\n\t\t\t\t<div class=\"elementor-element elementor-element-cccc0ed elementor-widget-divider--view-line elementor-widget elementor-widget-divider\" data-id=\"cccc0ed\" data-element_type=\"widget\" data-widget_type=\"divider.default\">\n\t\t\t\t<div class=\"elementor-widget-container\">\n\t\t\t\t\t\t\t<div class=\"elementor-divider\">\n\t\t\t<span class=\"elementor-divider-separator\">\n\t\t\t\t\t\t<\/span>\n\t\t<\/div>\n\t\t\t\t\t\t<\/div>\n\t\t\t\t<\/div>\n\t\t\t\t<div class=\"elementor-element elementor-element-8ff4543 elementor-widget elementor-widget-heading\" data-id=\"8ff4543\" data-element_type=\"widget\" data-widget_type=\"heading.default\">\n\t\t\t\t<div class=\"elementor-widget-container\">\n\t\t\t\t\t<h2 class=\"elementor-heading-title elementor-size-default\">Changes to our privacy policy\n<\/h2>\t\t\t\t<\/div>\n\t\t\t\t<\/div>\n\t\t\t\t<div class=\"elementor-element elementor-element-7188e14 elementor-widget elementor-widget-text-editor\" data-id=\"7188e14\" data-element_type=\"widget\" data-widget_type=\"text-editor.default\">\n\t\t\t\t<div class=\"elementor-widget-container\">\n\t\t\t\t\t\t\t\t\t<p>Any changes we may make to our privacy policy in the future will be posted on this page and, where appropriate, notified to you by e-mail. Continued use of the service will signify that you agree to any such changes.<a class=\"mwm-aal-item\" name=\"contact\"><\/a><\/p>\t\t\t\t\t\t\t\t<\/div>\n\t\t\t\t<\/div>\n\t\t\t\t<div class=\"elementor-element elementor-element-a89d6cc elementor-widget-divider--view-line elementor-widget elementor-widget-divider\" data-id=\"a89d6cc\" data-element_type=\"widget\" data-widget_type=\"divider.default\">\n\t\t\t\t<div class=\"elementor-widget-container\">\n\t\t\t\t\t\t\t<div class=\"elementor-divider\">\n\t\t\t<span class=\"elementor-divider-separator\">\n\t\t\t\t\t\t<\/span>\n\t\t<\/div>\n\t\t\t\t\t\t<\/div>\n\t\t\t\t<\/div>\n\t\t\t\t<div class=\"elementor-element elementor-element-ec95597 elementor-widget elementor-widget-heading\" data-id=\"ec95597\" data-element_type=\"widget\" data-widget_type=\"heading.default\">\n\t\t\t\t<div class=\"elementor-widget-container\">\n\t\t\t\t\t<h2 class=\"elementor-heading-title elementor-size-default\">Contact\n<\/h2>\t\t\t\t<\/div>\n\t\t\t\t<\/div>\n\t\t\t\t<div class=\"elementor-element elementor-element-330b8fe elementor-widget elementor-widget-text-editor\" data-id=\"330b8fe\" data-element_type=\"widget\" data-widget_type=\"text-editor.default\">\n\t\t\t\t<div class=\"elementor-widget-container\">\n\t\t\t\t\t\t\t\t\t<p>We welcome your views about our website and our privacy policy. If you would like to contact us with any queries or comments please send an e-mail to\u00a0<a href=\"mailto:dave.gladen@delamode.co.uk\">affinity.uk@delamode-group.com<\/a><\/p>\t\t\t\t\t\t\t\t<\/div>\n\t\t\t\t<\/div>\n\t\t\t\t\t<\/div>\n\t\t\t\t<\/div>\n\t\t\t\t<\/div>","protected":false},"excerpt":{"rendered":"<p>Terms &amp; Conditions \/ privacy &amp; cookies Privacy &amp; Cookies Policy Affinity Group Limited are committed to ensuring that your privacy is protected. This privacy policy explains how we use the information we collect about you, or that you provide to us, will be processed, how you can instruct us if you prefer to limit [&hellip;]<\/p>","protected":false},"author":1,"featured_media":5730,"parent":0,"menu_order":0,"comment_status":"closed","ping_status":"closed","template":"","meta":{"footnotes":""},"class_list":["post-485","page","type-page","status-publish","has-post-thumbnail","hentry"],"blocksy_meta":{"has_hero_section":"disabled","styles_descriptor":{"styles":{"desktop":"","tablet":"","mobile":""},"google_fonts":[],"version":6}},"yoast_head":"<!-- This site is optimized with the Yoast SEO plugin v26.4 - https:\/\/yoast.com\/wordpress\/plugins\/seo\/ -->\n<title>Privatumo politika - Affinity | \u201eDelamode\u201c grup\u0117s privatumo politika<\/title>\n<meta name=\"description\" content=\"Delamode Baltics privatumo politika \u2013 su\u017einokite, kaip tvarkome, saugome ir naudojame j\u016bs\u0173 asmens duomenis.\" \/>\n<meta name=\"robots\" content=\"index, follow, max-snippet:-1, max-image-preview:large, max-video-preview:-1\" \/>\n<link rel=\"canonical\" href=\"https:\/\/productionaff.valovit.lt\/ro\/privatumo-politika\/\" \/>\n<meta property=\"og:locale\" content=\"ro_RO\" \/>\n<meta property=\"og:type\" content=\"article\" \/>\n<meta property=\"og:title\" content=\"Privatumo politika - Affinity | \u201eDelamode\u201c grup\u0117s privatumo politika\" \/>\n<meta property=\"og:description\" content=\"Delamode Baltics privatumo politika \u2013 su\u017einokite, kaip tvarkome, saugome ir naudojame j\u016bs\u0173 asmens duomenis.\" \/>\n<meta property=\"og:url\" content=\"https:\/\/productionaff.valovit.lt\/ro\/privatumo-politika\/\" \/>\n<meta property=\"og:site_name\" content=\"Affinity\" \/>\n<meta property=\"article:modified_time\" content=\"2026-03-16T22:24:01+00:00\" \/>\n<meta property=\"og:image\" content=\"https:\/\/productionaff.valovit.lt\/wp-content\/uploads\/3-scaled.jpg\" \/>\n\t<meta property=\"og:image:width\" content=\"2560\" \/>\n\t<meta property=\"og:image:height\" content=\"1708\" \/>\n\t<meta property=\"og:image:type\" content=\"image\/jpeg\" \/>\n<meta name=\"twitter:card\" content=\"summary_large_image\" \/>\n<meta name=\"twitter:label1\" content=\"Timp estimat pentru citire\" \/>\n\t<meta name=\"twitter:data1\" content=\"11 minute\" \/>\n<script type=\"application\/ld+json\" class=\"yoast-schema-graph\">{\"@context\":\"https:\/\/schema.org\",\"@graph\":[{\"@type\":\"WebPage\",\"@id\":\"https:\/\/productionaff.valovit.lt\/privatumo-politika\/\",\"url\":\"https:\/\/productionaff.valovit.lt\/privatumo-politika\/\",\"name\":\"Privatumo politika - Affinity | \u201eDelamode\u201c grup\u0117s privatumo politika\",\"isPartOf\":{\"@id\":\"https:\/\/productionaff.valovit.lt\/#website\"},\"primaryImageOfPage\":{\"@id\":\"https:\/\/productionaff.valovit.lt\/privatumo-politika\/#primaryimage\"},\"image\":{\"@id\":\"https:\/\/productionaff.valovit.lt\/privatumo-politika\/#primaryimage\"},\"thumbnailUrl\":\"https:\/\/productionaff.valovit.lt\/wp-content\/uploads\/3-scaled.jpg\",\"datePublished\":\"2025-07-17T11:17:23+00:00\",\"dateModified\":\"2026-03-16T22:24:01+00:00\",\"description\":\"Delamode Baltics privatumo politika \u2013 su\u017einokite, kaip tvarkome, saugome ir naudojame j\u016bs\u0173 asmens duomenis.\",\"breadcrumb\":{\"@id\":\"https:\/\/productionaff.valovit.lt\/privatumo-politika\/#breadcrumb\"},\"inLanguage\":\"ro-RO\",\"potentialAction\":[{\"@type\":\"ReadAction\",\"target\":[\"https:\/\/productionaff.valovit.lt\/privatumo-politika\/\"]}]},{\"@type\":\"ImageObject\",\"inLanguage\":\"ro-RO\",\"@id\":\"https:\/\/productionaff.valovit.lt\/privatumo-politika\/#primaryimage\",\"url\":\"https:\/\/productionaff.valovit.lt\/wp-content\/uploads\/3-scaled.jpg\",\"contentUrl\":\"https:\/\/productionaff.valovit.lt\/wp-content\/uploads\/3-scaled.jpg\",\"width\":2560,\"height\":1708,\"caption\":\"Delamode Baltics privatumo politika\"},{\"@type\":\"BreadcrumbList\",\"@id\":\"https:\/\/productionaff.valovit.lt\/privatumo-politika\/#breadcrumb\",\"itemListElement\":[{\"@type\":\"ListItem\",\"position\":1,\"name\":\"Home\",\"item\":\"https:\/\/productionaff.valovit.lt\/\"},{\"@type\":\"ListItem\",\"position\":2,\"name\":\"Privatumo politika\"}]},{\"@type\":\"WebSite\",\"@id\":\"https:\/\/productionaff.valovit.lt\/#website\",\"url\":\"https:\/\/productionaff.valovit.lt\/\",\"name\":\"Affinity\",\"description\":\"Affinity\",\"publisher\":{\"@id\":\"https:\/\/productionaff.valovit.lt\/#organization\"},\"potentialAction\":[{\"@type\":\"SearchAction\",\"target\":{\"@type\":\"EntryPoint\",\"urlTemplate\":\"https:\/\/productionaff.valovit.lt\/?s={search_term_string}\"},\"query-input\":{\"@type\":\"PropertyValueSpecification\",\"valueRequired\":true,\"valueName\":\"search_term_string\"}}],\"inLanguage\":\"ro-RO\"},{\"@type\":\"Organization\",\"@id\":\"https:\/\/productionaff.valovit.lt\/#organization\",\"name\":\"Affinity\",\"url\":\"https:\/\/productionaff.valovit.lt\/\",\"logo\":{\"@type\":\"ImageObject\",\"inLanguage\":\"ro-RO\",\"@id\":\"https:\/\/productionaff.valovit.lt\/#\/schema\/logo\/image\/\",\"url\":\"https:\/\/productionaff.valovit.lt\/wp-content\/uploads\/logo-affinity-white.png\",\"contentUrl\":\"https:\/\/productionaff.valovit.lt\/wp-content\/uploads\/logo-affinity-white.png\",\"width\":526,\"height\":180,\"caption\":\"Affinity\"},\"image\":{\"@id\":\"https:\/\/productionaff.valovit.lt\/#\/schema\/logo\/image\/\"}}]}<\/script>\n<!-- \/ Yoast SEO plugin. -->","yoast_head_json":{"title":"Privatumo politika - Affinity | \u201eDelamode\u201c grup\u0117s privatumo politika","description":"Delamode Baltics privatumo politika \u2013 su\u017einokite, kaip tvarkome, saugome ir naudojame j\u016bs\u0173 asmens duomenis.","robots":{"index":"index","follow":"follow","max-snippet":"max-snippet:-1","max-image-preview":"max-image-preview:large","max-video-preview":"max-video-preview:-1"},"canonical":"https:\/\/productionaff.valovit.lt\/ro\/privatumo-politika\/","og_locale":"ro_RO","og_type":"article","og_title":"Privatumo politika - Affinity | \u201eDelamode\u201c grup\u0117s privatumo politika","og_description":"Delamode Baltics privatumo politika \u2013 su\u017einokite, kaip tvarkome, saugome ir naudojame j\u016bs\u0173 asmens duomenis.","og_url":"https:\/\/productionaff.valovit.lt\/ro\/privatumo-politika\/","og_site_name":"Affinity","article_modified_time":"2026-03-16T22:24:01+00:00","og_image":[{"width":2560,"height":1708,"url":"https:\/\/productionaff.valovit.lt\/wp-content\/uploads\/3-scaled.jpg","type":"image\/jpeg"}],"twitter_card":"summary_large_image","twitter_misc":{"Timp estimat pentru citire":"11 minute"},"schema":{"@context":"https:\/\/schema.org","@graph":[{"@type":"WebPage","@id":"https:\/\/productionaff.valovit.lt\/privatumo-politika\/","url":"https:\/\/productionaff.valovit.lt\/privatumo-politika\/","name":"Privatumo politika - Affinity | \u201eDelamode\u201c grup\u0117s privatumo politika","isPartOf":{"@id":"https:\/\/productionaff.valovit.lt\/#website"},"primaryImageOfPage":{"@id":"https:\/\/productionaff.valovit.lt\/privatumo-politika\/#primaryimage"},"image":{"@id":"https:\/\/productionaff.valovit.lt\/privatumo-politika\/#primaryimage"},"thumbnailUrl":"https:\/\/productionaff.valovit.lt\/wp-content\/uploads\/3-scaled.jpg","datePublished":"2025-07-17T11:17:23+00:00","dateModified":"2026-03-16T22:24:01+00:00","description":"Delamode Baltics privatumo politika \u2013 su\u017einokite, kaip tvarkome, saugome ir naudojame j\u016bs\u0173 asmens duomenis.","breadcrumb":{"@id":"https:\/\/productionaff.valovit.lt\/privatumo-politika\/#breadcrumb"},"inLanguage":"ro-RO","potentialAction":[{"@type":"ReadAction","target":["https:\/\/productionaff.valovit.lt\/privatumo-politika\/"]}]},{"@type":"ImageObject","inLanguage":"ro-RO","@id":"https:\/\/productionaff.valovit.lt\/privatumo-politika\/#primaryimage","url":"https:\/\/productionaff.valovit.lt\/wp-content\/uploads\/3-scaled.jpg","contentUrl":"https:\/\/productionaff.valovit.lt\/wp-content\/uploads\/3-scaled.jpg","width":2560,"height":1708,"caption":"Delamode Baltics privatumo politika"},{"@type":"BreadcrumbList","@id":"https:\/\/productionaff.valovit.lt\/privatumo-politika\/#breadcrumb","itemListElement":[{"@type":"ListItem","position":1,"name":"Home","item":"https:\/\/productionaff.valovit.lt\/"},{"@type":"ListItem","position":2,"name":"Privatumo politika"}]},{"@type":"WebSite","@id":"https:\/\/productionaff.valovit.lt\/#website","url":"https:\/\/productionaff.valovit.lt\/","name":"Affinity","description":"Affinity","publisher":{"@id":"https:\/\/productionaff.valovit.lt\/#organization"},"potentialAction":[{"@type":"SearchAction","target":{"@type":"EntryPoint","urlTemplate":"https:\/\/productionaff.valovit.lt\/?s={search_term_string}"},"query-input":{"@type":"PropertyValueSpecification","valueRequired":true,"valueName":"search_term_string"}}],"inLanguage":"ro-RO"},{"@type":"Organization","@id":"https:\/\/productionaff.valovit.lt\/#organization","name":"Affinity","url":"https:\/\/productionaff.valovit.lt\/","logo":{"@type":"ImageObject","inLanguage":"ro-RO","@id":"https:\/\/productionaff.valovit.lt\/#\/schema\/logo\/image\/","url":"https:\/\/productionaff.valovit.lt\/wp-content\/uploads\/logo-affinity-white.png","contentUrl":"https:\/\/productionaff.valovit.lt\/wp-content\/uploads\/logo-affinity-white.png","width":526,"height":180,"caption":"Affinity"},"image":{"@id":"https:\/\/productionaff.valovit.lt\/#\/schema\/logo\/image\/"}}]}},"_links":{"self":[{"href":"https:\/\/productionaff.valovit.lt\/ro\/wp-json\/wp\/v2\/pages\/485","targetHints":{"allow":["GET"]}}],"collection":[{"href":"https:\/\/productionaff.valovit.lt\/ro\/wp-json\/wp\/v2\/pages"}],"about":[{"href":"https:\/\/productionaff.valovit.lt\/ro\/wp-json\/wp\/v2\/types\/page"}],"author":[{"embeddable":true,"href":"https:\/\/productionaff.valovit.lt\/ro\/wp-json\/wp\/v2\/users\/1"}],"replies":[{"embeddable":true,"href":"https:\/\/productionaff.valovit.lt\/ro\/wp-json\/wp\/v2\/comments?post=485"}],"version-history":[{"count":24,"href":"https:\/\/productionaff.valovit.lt\/ro\/wp-json\/wp\/v2\/pages\/485\/revisions"}],"predecessor-version":[{"id":8380,"href":"https:\/\/productionaff.valovit.lt\/ro\/wp-json\/wp\/v2\/pages\/485\/revisions\/8380"}],"wp:featuredmedia":[{"embeddable":true,"href":"https:\/\/productionaff.valovit.lt\/ro\/wp-json\/wp\/v2\/media\/5730"}],"wp:attachment":[{"href":"https:\/\/productionaff.valovit.lt\/ro\/wp-json\/wp\/v2\/media?parent=485"}],"curies":[{"name":"wp","href":"https:\/\/api.w.org\/{rel}","templated":true}]}}