{"id":4381,"date":"2025-09-15T11:24:27","date_gmt":"2025-09-15T09:24:27","guid":{"rendered":"https:\/\/productionaff.valovit.lt\/?page_id=4381"},"modified":"2025-12-23T12:59:44","modified_gmt":"2025-12-23T10:59:44","slug":"krovinio-draudimas","status":"publish","type":"page","link":"https:\/\/productionaff.valovit.lt\/ro\/krovinio-draudimas\/","title":{"rendered":"Krovinio draudimas"},"content":{"rendered":"<div data-elementor-type=\"wp-page\" data-elementor-id=\"4381\" class=\"elementor elementor-4381\" data-elementor-post-type=\"page\">\n\t\t\t\t<div class=\"elementor-element elementor-element-2d2c9de e-flex e-con-boxed e-con e-parent\" data-id=\"2d2c9de\" data-element_type=\"container\">\n\t\t\t\t\t<div class=\"e-con-inner\">\n\t\t\t\t<div class=\"elementor-element elementor-element-67ff60b elementor-widget elementor-widget-text-editor\" data-id=\"67ff60b\" data-element_type=\"widget\" data-widget_type=\"text-editor.default\">\n\t\t\t\t<div class=\"elementor-widget-container\">\n\t\t\t\t\t\t\t\t\t<h1><b>Krovinio draudimas<\/b><\/h1>\t\t\t\t\t\t\t\t<\/div>\n\t\t\t\t<\/div>\n\t\t\t\t\t<\/div>\n\t\t\t\t<\/div>\n\t\t<div class=\"elementor-element elementor-element-3119ae8 e-flex e-con-boxed e-con e-parent\" data-id=\"3119ae8\" data-element_type=\"container\">\n\t\t\t\t\t<div class=\"e-con-inner\">\n\t\t<div class=\"elementor-element elementor-element-6abc3b6 e-con-full e-flex e-con e-child\" data-id=\"6abc3b6\" data-element_type=\"container\" data-settings=\"{&quot;background_background&quot;:&quot;classic&quot;}\">\n\t\t\t\t<div class=\"elementor-element elementor-element-8be8c29 elementor-widget elementor-widget-heading\" data-id=\"8be8c29\" data-element_type=\"widget\" data-widget_type=\"heading.default\">\n\t\t\t\t<div class=\"elementor-widget-container\">\n\t\t\t\t\t<h3 class=\"elementor-heading-title elementor-size-default\">Krovini\u0173 draudimas \u2013 j\u016bs\u0173 krovinio saugumas mums svarbiausias<\/h3>\t\t\t\t<\/div>\n\t\t\t\t<\/div>\n\t\t\t\t<div class=\"elementor-element elementor-element-3eb513c elementor-widget elementor-widget-text-editor\" data-id=\"3eb513c\" data-element_type=\"widget\" data-widget_type=\"text-editor.default\">\n\t\t\t\t<div class=\"elementor-widget-container\">\n\t\t\t\t\t\t\t\t\t<p><span style=\"font-family: inherit;font-size: inherit;font-style: inherit;font-weight: inherit\">Transportuojant krovinius visoje Europoje ir u\u017e jos rib\u0173, net ir patikimiausios transporto \u012fmon\u0117s susiduria su rizika: avarijos, vagyst\u0117s, neteisingas pristatymas ar krovinio apgadinimas. D\u0117l to ve\u017e\u0117jo civilin\u0117s atsakomyb\u0117s draudimas (CMR) yra esmin\u0117 saugumo grandin\u0117s dalis.<\/span><\/p>\t\t\t\t\t\t\t\t<\/div>\n\t\t\t\t<\/div>\n\t\t\t\t<\/div>\n\t\t\t\t<div class=\"elementor-element elementor-element-be267c6 elementor-widget elementor-widget-heading\" data-id=\"be267c6\" data-element_type=\"widget\" data-widget_type=\"heading.default\">\n\t\t\t\t<div class=\"elementor-widget-container\">\n\t\t\t\t\t<h3 class=\"elementor-heading-title elementor-size-default\"><strong style=\"font-family: inherit;font-size: inherit;font-style: inherit\">Delamode Baltics veikla \u2013 visada apdrausta CMR draudimu<\/strong><\/h3>\t\t\t\t<\/div>\n\t\t\t\t<\/div>\n\t\t\t\t<div class=\"elementor-element elementor-element-7baa696 elementor-widget elementor-widget-text-editor\" data-id=\"7baa696\" data-element_type=\"widget\" data-widget_type=\"text-editor.default\">\n\t\t\t\t<div class=\"elementor-widget-container\">\n\t\t\t\t\t\t\t\t\t<p><span style=\"font-family: inherit;font-size: inherit;font-style: inherit;font-weight: inherit\">Visi m\u016bs\u0173 vykdomi&nbsp;<\/span><a href=\"https:\/\/productionaff.valovit.lt\/ro\/lt\/tarptautinis-kroviniu-gabenimas\/\" target=\"_blank\">tarptautiniai perve\u017eimai<\/a><span style=\"font-family: inherit;font-size: inherit;font-style: inherit;font-weight: inherit\">&nbsp;yra apsaugoti galiojan\u010diu CMR draudimu, kad klient\u0173 kroviniai b\u016bt\u0173 apsaugoti nuo nenumatyt\u0173 \u012fvyki\u0173, toki\u0173 kaip:<\/span><\/p>\n<ul>\n<li>Krovinio sugadinimas ar sunaikinimas eismo \u012fvykio metu<\/li>\n<li>Krovinio praradimas d\u0117l vagyst\u0117s ar apipl\u0117\u0161imo<\/li>\n<li>Pristatymas ne tuo adresu ar netinkamomis s\u0105lygomis<\/li>\n<\/ul>\n<p>Nors CMR draudimas n\u0117ra privalomas, m\u016bs\u0173 \u012fmon\u0117 j\u012f taiko visuomet, nes tai \u2013 atsakingos ir saugum\u0105 u\u017etikrinan\u010dios transportavimo \u012fmon\u0117s standartas.<\/p>\t\t\t\t\t\t\t\t<\/div>\n\t\t\t\t<\/div>\n\t\t\t\t<div class=\"elementor-element elementor-element-8e3f1b7 elementor-widget-divider--view-line elementor-widget elementor-widget-divider\" data-id=\"8e3f1b7\" data-element_type=\"widget\" data-widget_type=\"divider.default\">\n\t\t\t\t<div class=\"elementor-widget-container\">\n\t\t\t\t\t\t\t<div class=\"elementor-divider\">\n\t\t\t<span class=\"elementor-divider-separator\">\n\t\t\t\t\t\t<\/span>\n\t\t<\/div>\n\t\t\t\t\t\t<\/div>\n\t\t\t\t<\/div>\n\t\t\t\t<div class=\"elementor-element elementor-element-582cef2 elementor-widget elementor-widget-heading\" data-id=\"582cef2\" data-element_type=\"widget\" data-widget_type=\"heading.default\">\n\t\t\t\t<div class=\"elementor-widget-container\">\n\t\t\t\t\t<h3 class=\"elementor-heading-title elementor-size-default\">Kuo skiriasi CMR draudimas ir papildomas krovini\u0173 draudimas?<\/h3>\t\t\t\t<\/div>\n\t\t\t\t<\/div>\n\t\t\t\t<div class=\"elementor-element elementor-element-951a0cc elementor-widget elementor-widget-text-editor\" data-id=\"951a0cc\" data-element_type=\"widget\" data-widget_type=\"text-editor.default\">\n\t\t\t\t<div class=\"elementor-widget-container\">\n\t\t\t\t\t\t\t\t\t<p>Svarbiausias skirtumas \u2013 kompensacijos dydis.<\/p><ul><li>CMR draudimas padengia krovinio vert\u0119 tik iki nustatytos ribos \u2013 pagal tarptautin\u012f susitarim\u0105 ji skai\u010diuojama SDR (<em>angl. special drawing rights<\/em>) vienetais. Tai rei\u0161kia, kad brangi\u0173 krovini\u0173 vert\u0117 gali b\u016bti kompensuota tik i\u0161 dalies.<\/li><li>Papildomas krovini\u0173 draudimas suteikia visi\u0161k\u0105 apsaug\u0105 \u2013 jis galioja toms pa\u010dioms rizikoms kaip ir CMR draudimas (avarijos, vagyst\u0117s, sugadinimas), ta\u010diau kompensacija atitinka vis\u0105 reali\u0105 krovinio vert\u0119.<\/li><\/ul><p>Tod\u0117l papildomai drausti nereikia vis\u0173 krovini\u0173 \u2013 to reikia tik tada, kai krovinio vert\u0117 vir\u0161ija CMR draudimo ribas. Tai itin svarbu gabenantiems brangesnes prekes, \u012frengimus ar jautrius gaminius.<\/p>\t\t\t\t\t\t\t\t<\/div>\n\t\t\t\t<\/div>\n\t\t\t\t<div class=\"elementor-element elementor-element-fe48d9c elementor-widget-divider--view-line elementor-widget elementor-widget-divider\" data-id=\"fe48d9c\" data-element_type=\"widget\" data-widget_type=\"divider.default\">\n\t\t\t\t<div class=\"elementor-widget-container\">\n\t\t\t\t\t\t\t<div class=\"elementor-divider\">\n\t\t\t<span class=\"elementor-divider-separator\">\n\t\t\t\t\t\t<\/span>\n\t\t<\/div>\n\t\t\t\t\t\t<\/div>\n\t\t\t\t<\/div>\n\t\t\t\t<div class=\"elementor-element elementor-element-0c06851 elementor-widget elementor-widget-heading\" data-id=\"0c06851\" data-element_type=\"widget\" data-widget_type=\"heading.default\">\n\t\t\t\t<div class=\"elementor-widget-container\">\n\t\t\t\t\t<h3 class=\"elementor-heading-title elementor-size-default\">Rinkit\u0117s saugum\u0105, kurio nusipeln\u0117 j\u016bs\u0173 krovinys<\/h3>\t\t\t\t<\/div>\n\t\t\t\t<\/div>\n\t\t\t\t<div class=\"elementor-element elementor-element-f1658e7 elementor-widget elementor-widget-text-editor\" data-id=\"f1658e7\" data-element_type=\"widget\" data-widget_type=\"text-editor.default\">\n\t\t\t\t<div class=\"elementor-widget-container\">\n\t\t\t\t\t\t\t\t\t<p>CMR draudimas ir papildomas krovini\u0173 draudimas \u2013 tai du kertiniai rams\u010diai, kurie saugo j\u016bs\u0173 versl\u0105. Su Delamode Baltics j\u016bs gaunate ne tik logistikos sprendimus, bet ir patikim\u0105 partner\u012f rizik\u0173 valdyme.<\/p><p><a href=\"https:\/\/productionaff.valovit.lt\/ro\/lt\/kontaktai\/\" target=\"_blank\" rel=\"noopener\">Susisiekite<\/a>\u00a0su mumis \u2013 mes parinksime tinkamiausias logistikos paslaugas, apdrausime j\u016bs\u0173 krovin\u012f ir pasir\u016bpinsime saugiu jo pristatymu.<\/p>\t\t\t\t\t\t\t\t<\/div>\n\t\t\t\t<\/div>\n\t\t\t\t\t<\/div>\n\t\t\t\t<\/div>\n\t\t\t\t<\/div>","protected":false},"excerpt":{"rendered":"<p>Krovinio draudimas Krovini\u0173 draudimas \u2013 j\u016bs\u0173 krovinio saugumas mums svarbiausias Transportuojant krovinius visoje Europoje ir u\u017e jos rib\u0173, net ir patikimiausios transporto \u012fmon\u0117s susiduria su rizika: avarijos, vagyst\u0117s, neteisingas pristatymas ar krovinio apgadinimas. D\u0117l to ve\u017e\u0117jo civilin\u0117s atsakomyb\u0117s draudimas (CMR) yra esmin\u0117 saugumo grandin\u0117s dalis. Delamode Baltics veikla \u2013 visada apdrausta CMR draudimu Visi m\u016bs\u0173 [&hellip;]<\/p>","protected":false},"author":2,"featured_media":7033,"parent":0,"menu_order":0,"comment_status":"closed","ping_status":"closed","template":"","meta":{"footnotes":""},"class_list":["post-4381","page","type-page","status-publish","has-post-thumbnail","hentry"],"blocksy_meta":{"has_hero_section":"disabled","styles_descriptor":{"styles":{"desktop":"","tablet":"","mobile":""},"google_fonts":[],"version":6}},"yoast_head":"<!-- This site is optimized with the Yoast SEO plugin v26.4 - https:\/\/yoast.com\/wordpress\/plugins\/seo\/ -->\n<title>Krovinio draudimas - Affinity<\/title>\n<meta name=\"description\" content=\"Krovini\u0173 draudimas ir CMR apsauga \u2013 saugus krovinio gabenimas Europoje ir u\u017e jos rib\u0173. Delamode Baltics pasir\u016bpins j\u016bs\u0173 krovinio saugumu.\" \/>\n<meta name=\"robots\" content=\"index, follow, max-snippet:-1, max-image-preview:large, max-video-preview:-1\" \/>\n<link rel=\"canonical\" href=\"https:\/\/productionaff.valovit.lt\/ro\/krovinio-draudimas\/\" \/>\n<meta property=\"og:locale\" content=\"ro_RO\" \/>\n<meta property=\"og:type\" content=\"article\" \/>\n<meta property=\"og:title\" content=\"Krovinio draudimas - Affinity\" \/>\n<meta property=\"og:description\" content=\"Krovini\u0173 draudimas ir CMR apsauga \u2013 saugus krovinio gabenimas Europoje ir u\u017e jos rib\u0173. Delamode Baltics pasir\u016bpins j\u016bs\u0173 krovinio saugumu.\" \/>\n<meta property=\"og:url\" content=\"https:\/\/productionaff.valovit.lt\/ro\/krovinio-draudimas\/\" \/>\n<meta property=\"og:site_name\" content=\"Affinity\" \/>\n<meta property=\"article:modified_time\" content=\"2025-12-23T10:59:44+00:00\" \/>\n<meta property=\"og:image\" content=\"https:\/\/productionaff.valovit.lt\/wp-content\/uploads\/Delamode-Baltics_krovinio-draudimas.png\" \/>\n\t<meta property=\"og:image:width\" content=\"1344\" \/>\n\t<meta property=\"og:image:height\" content=\"768\" \/>\n\t<meta property=\"og:image:type\" content=\"image\/png\" \/>\n<meta name=\"twitter:card\" content=\"summary_large_image\" \/>\n<meta name=\"twitter:label1\" content=\"Timp estimat pentru citire\" \/>\n\t<meta name=\"twitter:data1\" content=\"2 minute\" \/>\n<script type=\"application\/ld+json\" class=\"yoast-schema-graph\">{\"@context\":\"https:\/\/schema.org\",\"@graph\":[{\"@type\":\"WebPage\",\"@id\":\"https:\/\/productionaff.valovit.lt\/krovinio-draudimas\/\",\"url\":\"https:\/\/productionaff.valovit.lt\/krovinio-draudimas\/\",\"name\":\"Krovinio draudimas - Affinity\",\"isPartOf\":{\"@id\":\"https:\/\/productionaff.valovit.lt\/#website\"},\"primaryImageOfPage\":{\"@id\":\"https:\/\/productionaff.valovit.lt\/krovinio-draudimas\/#primaryimage\"},\"image\":{\"@id\":\"https:\/\/productionaff.valovit.lt\/krovinio-draudimas\/#primaryimage\"},\"thumbnailUrl\":\"https:\/\/productionaff.valovit.lt\/wp-content\/uploads\/Delamode-Baltics_krovinio-draudimas.png\",\"datePublished\":\"2025-09-15T09:24:27+00:00\",\"dateModified\":\"2025-12-23T10:59:44+00:00\",\"description\":\"Krovini\u0173 draudimas ir CMR apsauga \u2013 saugus krovinio gabenimas Europoje ir u\u017e jos rib\u0173. Delamode Baltics pasir\u016bpins j\u016bs\u0173 krovinio saugumu.\",\"breadcrumb\":{\"@id\":\"https:\/\/productionaff.valovit.lt\/krovinio-draudimas\/#breadcrumb\"},\"inLanguage\":\"ro-RO\",\"potentialAction\":[{\"@type\":\"ReadAction\",\"target\":[\"https:\/\/productionaff.valovit.lt\/krovinio-draudimas\/\"]}]},{\"@type\":\"ImageObject\",\"inLanguage\":\"ro-RO\",\"@id\":\"https:\/\/productionaff.valovit.lt\/krovinio-draudimas\/#primaryimage\",\"url\":\"https:\/\/productionaff.valovit.lt\/wp-content\/uploads\/Delamode-Baltics_krovinio-draudimas.png\",\"contentUrl\":\"https:\/\/productionaff.valovit.lt\/wp-content\/uploads\/Delamode-Baltics_krovinio-draudimas.png\",\"width\":1344,\"height\":768,\"caption\":\"CMR ir papildomas krovinio draudimas j\u016bs\u0173 siunt\u0173 saugumui\"},{\"@type\":\"BreadcrumbList\",\"@id\":\"https:\/\/productionaff.valovit.lt\/krovinio-draudimas\/#breadcrumb\",\"itemListElement\":[{\"@type\":\"ListItem\",\"position\":1,\"name\":\"Home\",\"item\":\"https:\/\/productionaff.valovit.lt\/\"},{\"@type\":\"ListItem\",\"position\":2,\"name\":\"Krovinio draudimas\"}]},{\"@type\":\"WebSite\",\"@id\":\"https:\/\/productionaff.valovit.lt\/#website\",\"url\":\"https:\/\/productionaff.valovit.lt\/\",\"name\":\"Affinity\",\"description\":\"Affinity\",\"publisher\":{\"@id\":\"https:\/\/productionaff.valovit.lt\/#organization\"},\"potentialAction\":[{\"@type\":\"SearchAction\",\"target\":{\"@type\":\"EntryPoint\",\"urlTemplate\":\"https:\/\/productionaff.valovit.lt\/?s={search_term_string}\"},\"query-input\":{\"@type\":\"PropertyValueSpecification\",\"valueRequired\":true,\"valueName\":\"search_term_string\"}}],\"inLanguage\":\"ro-RO\"},{\"@type\":\"Organization\",\"@id\":\"https:\/\/productionaff.valovit.lt\/#organization\",\"name\":\"Affinity\",\"url\":\"https:\/\/productionaff.valovit.lt\/\",\"logo\":{\"@type\":\"ImageObject\",\"inLanguage\":\"ro-RO\",\"@id\":\"https:\/\/productionaff.valovit.lt\/#\/schema\/logo\/image\/\",\"url\":\"https:\/\/productionaff.valovit.lt\/wp-content\/uploads\/logo-affinity-white.png\",\"contentUrl\":\"https:\/\/productionaff.valovit.lt\/wp-content\/uploads\/logo-affinity-white.png\",\"width\":526,\"height\":180,\"caption\":\"Affinity\"},\"image\":{\"@id\":\"https:\/\/productionaff.valovit.lt\/#\/schema\/logo\/image\/\"}}]}<\/script>\n<!-- \/ Yoast SEO plugin. -->","yoast_head_json":{"title":"Krovinio draudimas - Affinity","description":"Krovini\u0173 draudimas ir CMR apsauga \u2013 saugus krovinio gabenimas Europoje ir u\u017e jos rib\u0173. Delamode Baltics pasir\u016bpins j\u016bs\u0173 krovinio saugumu.","robots":{"index":"index","follow":"follow","max-snippet":"max-snippet:-1","max-image-preview":"max-image-preview:large","max-video-preview":"max-video-preview:-1"},"canonical":"https:\/\/productionaff.valovit.lt\/ro\/krovinio-draudimas\/","og_locale":"ro_RO","og_type":"article","og_title":"Krovinio draudimas - Affinity","og_description":"Krovini\u0173 draudimas ir CMR apsauga \u2013 saugus krovinio gabenimas Europoje ir u\u017e jos rib\u0173. Delamode Baltics pasir\u016bpins j\u016bs\u0173 krovinio saugumu.","og_url":"https:\/\/productionaff.valovit.lt\/ro\/krovinio-draudimas\/","og_site_name":"Affinity","article_modified_time":"2025-12-23T10:59:44+00:00","og_image":[{"width":1344,"height":768,"url":"https:\/\/productionaff.valovit.lt\/wp-content\/uploads\/Delamode-Baltics_krovinio-draudimas.png","type":"image\/png"}],"twitter_card":"summary_large_image","twitter_misc":{"Timp estimat pentru citire":"2 minute"},"schema":{"@context":"https:\/\/schema.org","@graph":[{"@type":"WebPage","@id":"https:\/\/productionaff.valovit.lt\/krovinio-draudimas\/","url":"https:\/\/productionaff.valovit.lt\/krovinio-draudimas\/","name":"Krovinio draudimas - Affinity","isPartOf":{"@id":"https:\/\/productionaff.valovit.lt\/#website"},"primaryImageOfPage":{"@id":"https:\/\/productionaff.valovit.lt\/krovinio-draudimas\/#primaryimage"},"image":{"@id":"https:\/\/productionaff.valovit.lt\/krovinio-draudimas\/#primaryimage"},"thumbnailUrl":"https:\/\/productionaff.valovit.lt\/wp-content\/uploads\/Delamode-Baltics_krovinio-draudimas.png","datePublished":"2025-09-15T09:24:27+00:00","dateModified":"2025-12-23T10:59:44+00:00","description":"Krovini\u0173 draudimas ir CMR apsauga \u2013 saugus krovinio gabenimas Europoje ir u\u017e jos rib\u0173. Delamode Baltics pasir\u016bpins j\u016bs\u0173 krovinio saugumu.","breadcrumb":{"@id":"https:\/\/productionaff.valovit.lt\/krovinio-draudimas\/#breadcrumb"},"inLanguage":"ro-RO","potentialAction":[{"@type":"ReadAction","target":["https:\/\/productionaff.valovit.lt\/krovinio-draudimas\/"]}]},{"@type":"ImageObject","inLanguage":"ro-RO","@id":"https:\/\/productionaff.valovit.lt\/krovinio-draudimas\/#primaryimage","url":"https:\/\/productionaff.valovit.lt\/wp-content\/uploads\/Delamode-Baltics_krovinio-draudimas.png","contentUrl":"https:\/\/productionaff.valovit.lt\/wp-content\/uploads\/Delamode-Baltics_krovinio-draudimas.png","width":1344,"height":768,"caption":"CMR ir papildomas krovinio draudimas j\u016bs\u0173 siunt\u0173 saugumui"},{"@type":"BreadcrumbList","@id":"https:\/\/productionaff.valovit.lt\/krovinio-draudimas\/#breadcrumb","itemListElement":[{"@type":"ListItem","position":1,"name":"Home","item":"https:\/\/productionaff.valovit.lt\/"},{"@type":"ListItem","position":2,"name":"Krovinio draudimas"}]},{"@type":"WebSite","@id":"https:\/\/productionaff.valovit.lt\/#website","url":"https:\/\/productionaff.valovit.lt\/","name":"Affinity","description":"Affinity","publisher":{"@id":"https:\/\/productionaff.valovit.lt\/#organization"},"potentialAction":[{"@type":"SearchAction","target":{"@type":"EntryPoint","urlTemplate":"https:\/\/productionaff.valovit.lt\/?s={search_term_string}"},"query-input":{"@type":"PropertyValueSpecification","valueRequired":true,"valueName":"search_term_string"}}],"inLanguage":"ro-RO"},{"@type":"Organization","@id":"https:\/\/productionaff.valovit.lt\/#organization","name":"Affinity","url":"https:\/\/productionaff.valovit.lt\/","logo":{"@type":"ImageObject","inLanguage":"ro-RO","@id":"https:\/\/productionaff.valovit.lt\/#\/schema\/logo\/image\/","url":"https:\/\/productionaff.valovit.lt\/wp-content\/uploads\/logo-affinity-white.png","contentUrl":"https:\/\/productionaff.valovit.lt\/wp-content\/uploads\/logo-affinity-white.png","width":526,"height":180,"caption":"Affinity"},"image":{"@id":"https:\/\/productionaff.valovit.lt\/#\/schema\/logo\/image\/"}}]}},"_links":{"self":[{"href":"https:\/\/productionaff.valovit.lt\/ro\/wp-json\/wp\/v2\/pages\/4381","targetHints":{"allow":["GET"]}}],"collection":[{"href":"https:\/\/productionaff.valovit.lt\/ro\/wp-json\/wp\/v2\/pages"}],"about":[{"href":"https:\/\/productionaff.valovit.lt\/ro\/wp-json\/wp\/v2\/types\/page"}],"author":[{"embeddable":true,"href":"https:\/\/productionaff.valovit.lt\/ro\/wp-json\/wp\/v2\/users\/2"}],"replies":[{"embeddable":true,"href":"https:\/\/productionaff.valovit.lt\/ro\/wp-json\/wp\/v2\/comments?post=4381"}],"version-history":[{"count":22,"href":"https:\/\/productionaff.valovit.lt\/ro\/wp-json\/wp\/v2\/pages\/4381\/revisions"}],"predecessor-version":[{"id":7032,"href":"https:\/\/productionaff.valovit.lt\/ro\/wp-json\/wp\/v2\/pages\/4381\/revisions\/7032"}],"wp:featuredmedia":[{"embeddable":true,"href":"https:\/\/productionaff.valovit.lt\/ro\/wp-json\/wp\/v2\/media\/7033"}],"wp:attachment":[{"href":"https:\/\/productionaff.valovit.lt\/ro\/wp-json\/wp\/v2\/media?parent=4381"}],"curies":[{"name":"wp","href":"https:\/\/api.w.org\/{rel}","templated":true}]}}